{"id":334,"date":"2025-08-02T11:49:36","date_gmt":"2025-08-02T11:49:36","guid":{"rendered":"https:\/\/private.lust-statt-frust.ch\/?page_id=334"},"modified":"2025-09-03T09:04:07","modified_gmt":"2025-09-03T09:04:07","slug":"__trashed-3","status":"publish","type":"page","link":"https:\/\/private.lust-statt-frust.ch\/","title":{"rendered":"Home"},"content":{"rendered":"<h1 style=\"text-align: center;\">Der unsch\u00e4tzbare Wert&nbsp;<\/h1>\n<h1 style=\"text-align: center;\">f\u00fcr alle Lebensk\u00fcnstler<\/h1>\n<p style=\"text-align: center; color: var(--tcb-skin-color-0) !important; --tcb-applied-color: var$(--tcb-skin-color-0) !important;\"><strong>Die neue 9-teilige Videoserie&nbsp;<\/strong><strong>zur Optimierung des pers\u00f6nlichen Alltags- und Berufslebens<\/strong><\/p>\n<p style=\"text-align: center;\"><strong>und ein Gl\u00fccksfall f\u00fcr alle, die ihrem Leben noch viel mehr an Wert und Sinn schenken wollen<\/strong><\/p>\n<p style=\"text-align: center;\"><strong>Bericht einer Kursteilnehmerin:<\/strong><\/p>\n<p data-end=\"345\" data-start=\"93\" style=\"\"><span style=\"font-size: 21px !important;\">\u201eDie Videos haben mir geholfen, meinen Alltag viel leichter und fr\u00f6hlicher zu erleben. Schon nach wenigen Tagen habe ich gemerkt, wie kleine Impulse gro\u00dfe Wirkung zeigen. Ich f\u00fchle mich gelassener, gl\u00fccklicher \u2013 und habe wieder mehr Freude am Leben.\u201c<\/span> &#8211;&nbsp;<strong data-end=\"380\" data-start=\"349\">Sabine M.<\/strong><\/p>\n<p style=\"text-align: center; color: var(--tcb-skin-color-2) !important; --tcb-applied-color: var$(--tcb-skin-color-2) !important;\"><strong>Vorschau-Video, das Einblick in die Videoserie gibt<\/strong><\/p>\n<p style=\"text-align: center;\"><a href=\"https:\/\/private.lust-statt-frust.ch\/?page_id=204\" target=\"_blank\" style=\"outline: currentcolor;\">Mehr Lust&nbsp;<\/a><\/p>\n<p style=\"text-align: center;\"><a href=\"https:\/\/private.lust-statt-frust.ch\/?page_id=204\" target=\"_blank\" style=\"outline: currentcolor;\">statt stress und Frust<\/a><\/p>\n<h2 style=\"text-align: center;\">Was oft verschwiegen oder untersch\u00e4tzt wird<\/h2>\n<p data-end=\"277\" data-start=\"104\"><strong data-end=\"143\" data-start=\"104\">Stress und seine zahlreichen Folgen<\/strong>Viele Menschen \u2013 gerade auch J\u00fcngere \u2013 stehen heute unter enormem Druck, sei es im Beruf, in der Familie oder im privaten Alltag.<\/p>\n<p data-end=\"479\" data-start=\"279\"><strong data-end=\"327\" data-start=\"279\">Selbstverantwortung \u2013 der wirksame Schl\u00fcssel<\/strong>Aus meiner langj\u00e4hrigen Coaching-Erfahrung wei\u00df ich:Eine bewusste F\u00f6rderung der Selbstverantwortung ist ein wirksamer Schl\u00fcssel.<\/p>\n<p data-end=\"729\" data-start=\"481\">Sie st\u00e4rkt die Eigenmotivation, wirkt dem Gef\u00fchl von \u00dcberlastung entgegen und er\u00f6ffnet neue M\u00f6glichkeiten, das eigene Leben wieder leichter, erf\u00fcllter und ges\u00fcnder zu gestalten.Das best\u00e4tigen zahlreiche Menschen, mit denen ich arbeiten durfte.<\/p>\n<p data-end=\"906\" data-start=\"731\">Denn: Dauerhafter Stress und seine Folgen beeintr\u00e4chtigen nicht nur unsere Gesundheit, sondern auch unser Wohlbefinden, unsere Beziehungen und letztlich die Freude am Leben.<\/p>\n<h3 style=\"text-align: center;\"><strong>Diese &nbsp;Videos motivieren selbstverantwortlich Menschen,&nbsp;<\/strong><strong>ihre Einzigartigkeit auf nat\u00fcrliche Art&nbsp;<\/strong><strong>im pers\u00f6nlichen und beruflichen Alltag sinnvoll zu bewahren und zu verwirklichen.&nbsp;<\/strong><\/h3>\n<h3 style=\"text-align: center; color: var(--tcb-skin-color-0) !important; --tcb-applied-color: var$(--tcb-skin-color-0) !important;\">verst\u00e4ndlich &#8211; direkt umsetzbar &#8211; nachhaltig &#8211; praxisnah<\/h3>\n<p><!--! Font Awesome Free 6.7.1 by @fontawesome - https:\/\/fontawesome.com License - https:\/\/fontawesome.com\/license\/free (Icons: CC BY 4.0, Fonts: SIL OFL 1.1, Code: MIT License) Copyright 2024 Fonticons, Inc. --><\/p>\n<p style=\"\">30 Tage<\/p>\n<p style=\"\">Geld zur\u00fcck Garantie<\/p>\n<p>Wenn Ihnen diese Videoserie aus irgendeinem Grund nicht zusagt, k\u00f6nnen Sie innerhalb von <strong>30 Tagen<\/strong> nach dem Kauf jederzeit eine volle R\u00fcckerstattung erhalten.&nbsp;<\/p>\n<p>Falls Sie irgendwelche Probleme haben, wenden Sie sich einfach per Email an uns und wir werden Ihnen gerne im Rahmen unserer Erfahrungen beratend zur Verf\u00fcgung stehen.<\/p>\n<h3 style=\"text-align: center;\">WIR FREUEN UNS,<\/h3>\n<h3 style=\"text-align: center;\">WENN AUCH dU vIEL v<span style=\"text-transform: uppercase !important;\">on<\/span><\/h3>\n<h3 style=\"text-align: center;\">&nbsp;UNSEREM ANGEBOT PROFITIEREN KANNST<\/h3>\n<h6 style=\"text-align: center;\">Hier einige Erfahrungsberichte<\/h6>\n<\/p>\n<p style=\"text-align: center;\">von sehr zufriedenen Anwendern der Praxis-Tipps und Empfehlungen dieser Videothemen<\/p>\n<p style=\"\"><span data-end=\"556\" data-start=\"503\" style=\"font-family: Georgia, serif;\">\u201eIch h\u00e4tte nie gedacht, dass so kleine Impulse so viel bewirken. Ich habe gelernt, Stress loszulassen und wieder mehr Freude in meinen Alltag einzuladen. Eine echte Bereicherung f\u00fcr mein Leben!\u201c\u2014 Thomas L., Kursteilnehmer<\/span><span style=\"font-style: normal;\"><span data-end=\"556\" data-start=\"503\"><\/span><\/span><\/p>\n<p data-end=\"594\" data-start=\"364\"><em>\u201eDer Kurs hat mir geholfen, wieder bewusster auf mich selbst zu achten. Ich f\u00fchle mich gest\u00e4rkt, motiviert und habe das Gef\u00fchl, mein Leben mit mehr Leichtigkeit gestalten zu k\u00f6nnen.\u201c\u2014 Claudia R., Kursteilnehmerin<\/em><\/p>\n<p style=\"\">\u201eSchon nach kurzer Zeit habe ich gemerkt, dass sich meine innere Haltung ver\u00e4ndert. Ich bin entspannter, kann Herausforderungen gelassener annehmen und sp\u00fcre wieder mehr Lebenslust.\u201c\u2014&nbsp;Markus S., Kursteilnehmer<span style=\"font-style: normal;\"><\/span><\/p>\n<h3 style=\"text-align: center;\">&nbsp; &nbsp;Script &#8211; Jonas Ulmer<\/h3>\n<p style=\"text-align: center;\">Jonas Ulmer beschreibt in diesen 9 Videos aus seiner jahrelangen Erfahrung im Umgang mit Menschen, wie sie ihren Wunsch nach mehr Lebensqualit\u00e4t auf nat\u00fcrliche und bestens bew\u00e4hrte Weise im Beruf und Alltag realisieren k\u00f6nnen.<\/p>\n<p><span style=\"\"><img decoding=\"async\" alt=\"\" data-id=\"394\" width=\"130\" data-init-width=\"1130\" height=\"170\" data-init-height=\"1478\" title=\"Bildschirmfoto 2025-08-02 um 20.19.39\" loading=\"lazy\" src=\"\/\/private.lust-statt-frust.ch\/wp-content\/uploads\/2025\/08\/Bildschirmfoto-2025-08-02-um-20.19.39.png\" data-width=\"130\" data-height=\"170\" style=\"aspect-ratio: auto 1130 \/ 1478;\" mt-d=\"-5.03125\" ml-d=\"0\"><\/span><\/p>\n<h3 style=\"text-align: center;\">Fragen &amp; Antworten<\/h3>\n<h4 style=\"text-align: center;\"><strong>Nutzen auch Sie diese Gelegenheit &#8211; denn sie bietet sich Ihnen jetzt<\/strong><\/h4>\n<p style=\"text-align: center;\">Sie gehen auch kein Risiko ein &#8211; denn Sie haben eine 30-t\u00e4gige Geldr\u00fcckgabe-Garantie<\/p>\n","protected":false},"excerpt":{"rendered":"<p>Der unsch\u00e4tzbare Wert&nbsp; f\u00fcr alle Lebensk\u00fcnstler Die neue 9-teilige Videoserie&nbsp;zur Optimierung des pers\u00f6nlichen Alltags- und Berufslebens und ein Gl\u00fccksfall f\u00fcr alle, die ihrem Leben noch viel mehr an Wert und Sinn schenken wollen Bericht einer Kursteilnehmerin: \u201eDie Videos haben mir geholfen, meinen Alltag viel leichter und fr\u00f6hlicher zu erleben. Schon nach wenigen Tagen habe ich [&hellip;]<\/p>\n","protected":false},"author":1,"featured_media":0,"parent":0,"menu_order":0,"comment_status":"closed","ping_status":"closed","template":"","meta":{"footnotes":""},"class_list":["post-334","page","type-page","status-publish","hentry","post-wrapper","thrv_wrapper"],"_links":{"self":[{"href":"https:\/\/private.lust-statt-frust.ch\/index.php?rest_route=\/wp\/v2\/pages\/334","targetHints":{"allow":["GET"]}}],"collection":[{"href":"https:\/\/private.lust-statt-frust.ch\/index.php?rest_route=\/wp\/v2\/pages"}],"about":[{"href":"https:\/\/private.lust-statt-frust.ch\/index.php?rest_route=\/wp\/v2\/types\/page"}],"author":[{"embeddable":true,"href":"https:\/\/private.lust-statt-frust.ch\/index.php?rest_route=\/wp\/v2\/users\/1"}],"replies":[{"embeddable":true,"href":"https:\/\/private.lust-statt-frust.ch\/index.php?rest_route=%2Fwp%2Fv2%2Fcomments&post=334"}],"version-history":[{"count":210,"href":"https:\/\/private.lust-statt-frust.ch\/index.php?rest_route=\/wp\/v2\/pages\/334\/revisions"}],"predecessor-version":[{"id":677,"href":"https:\/\/private.lust-statt-frust.ch\/index.php?rest_route=\/wp\/v2\/pages\/334\/revisions\/677"}],"wp:attachment":[{"href":"https:\/\/private.lust-statt-frust.ch\/index.php?rest_route=%2Fwp%2Fv2%2Fmedia&parent=334"}],"curies":[{"name":"wp","href":"https:\/\/api.w.org\/{rel}","templated":true}]}}