{"id":204,"date":"2025-06-20T13:33:12","date_gmt":"2025-06-20T13:33:12","guid":{"rendered":"https:\/\/private.lust-statt-frust.ch\/?page_id=204"},"modified":"2025-09-03T08:43:54","modified_gmt":"2025-09-03T08:43:54","slug":"video-themen","status":"publish","type":"page","link":"https:\/\/private.lust-statt-frust.ch\/?page_id=204","title":{"rendered":"Video-Themen"},"content":{"rendered":"<p><span><img decoding=\"async\" alt=\"\" data-id=\"134\" width=\"245\" data-init-width=\"2560\" height=\"184\" data-init-height=\"1920\" title=\"logo-png\" loading=\"lazy\" src=\"\/\/private.lust-statt-frust.ch\/wp-content\/uploads\/2025\/06\/logo-png-scaled.jpeg\" data-width=\"245\" data-height=\"184\" style=\"aspect-ratio: auto 2560 \/ 1920;\"><\/span><\/p>\n<p style=\"text-align: center; color: var(--tcb-skin-color-0) !important; --tcb-applied-color: var$(--tcb-skin-color-0) !important;\"><strong>IDEAL<\/strong><\/p>\n<p style=\"text-align: center;\"><strong>F\u00fcr authentische&nbsp;<\/strong><b>Pers\u00f6nlichkeits-entwicklung<\/b><\/p>\n<p style=\"text-align: center; color: var(--tcb-skin-color-0) !important; --tcb-applied-color: var$(--tcb-skin-color-0) !important;\"><strong>IDEAL<\/strong><\/p>\n<p style=\"text-align: center;\"><strong><strong><strong>F\u00fcr mehr Wohlbefinden<\/strong><\/strong><\/strong><strong><strong><strong>&nbsp;<\/strong><\/strong><strong><strong>und Vitalit\u00e4t<\/strong><\/strong><\/strong><\/p>\n<p style=\"text-align: center;\"><strong>IDEAL<\/strong><\/p>\n<p style=\"text-align: center;\"><strong><strong>F\u00fcr mehr innere Freiheit und Unabh\u00e4ngigkeit<\/strong><\/strong><\/p>\n<p style=\"text-align: center; color: var(--tcb-skin-color-0) !important; --tcb-applied-color: var$(--tcb-skin-color-0) !important;\"><strong><span style=\"font-size: 29px !important; --tcb-applied-color: var$(--tcb-skin-color-0) !important;\">Die Video-Serie zur Optimierung der pers\u00f6nlichen Lebensgestaltung<\/span><\/strong><\/p>\n<h2 style=\"text-align: center;\"><strong><span style=\"font-size: 27px !important;\">Die Grundregeln der Lebenskunst<\/span><\/strong><\/h2>\n<h2 style=\"text-align: center;\"><strong><span style=\"font-size: 27px !important;\">sind leicht zu verstehen und umzusetzen<\/span><\/strong><\/h2>\n<p style=\"text-align: center;\">Hier eine \u00dcbersicht der Video-Themen, die dazu beitragen, Ihre pers\u00f6nliche Lebensqualit\u00e4t in vielerlei Hinsicht zu verbessern und weiterzuentwickeln<\/p>\n<h2 style=\"text-align: center; color: var(--tcb-skin-color-0) !important; --tcb-applied-color: var$(--tcb-skin-color-0) !important;\"><strong>Die Video-Themen<\/strong><\/h2>\n<p style=\"\">\n<p>01<span><img decoding=\"async\" alt=\"\" data-id=\"210\" width=\"340\" data-init-width=\"2052\" height=\"211\" data-init-height=\"1272\" title=\"Bildschirmfoto 2025-06-20 um 11.14.59\" loading=\"lazy\" src=\"\/\/private.lust-statt-frust.ch\/wp-content\/uploads\/2025\/06\/Bildschirmfoto-2025-06-20-um-11.14.59.png\" data-width=\"340\" data-height=\"211\" style=\"aspect-ratio: auto 2052 \/ 1272;\"><\/span><\/p>\n<p style=\"text-align: center;\"><strong>Die wertvollste Kunst<\/strong><\/p>\n<p>04<span><img decoding=\"async\" alt=\"\" data-id=\"213\" width=\"340\" data-init-width=\"2242\" height=\"194\" data-init-height=\"1278\" title=\"Bildschirmfoto 2025-06-20 um 11.16.44\" loading=\"lazy\" src=\"\/\/private.lust-statt-frust.ch\/wp-content\/uploads\/2025\/06\/Bildschirmfoto-2025-06-20-um-11.16.44.png\" data-width=\"340\" data-height=\"194\" style=\"aspect-ratio: auto 2242 \/ 1278;\"><\/span><\/p>\n<p style=\"text-align: center;\"><strong><strong>Meine Entscheidungsf\u00e4higkeit<\/strong><\/strong><\/p>\n<p>07<span style=\"\"><img decoding=\"async\" alt=\"\" data-id=\"253\" width=\"340\" data-init-width=\"2048\" height=\"255\" data-init-height=\"1536\" title=\"80a92344-1d73-415e-b9e0-1bc77c1b841a\" loading=\"lazy\" src=\"\/\/private.lust-statt-frust.ch\/wp-content\/uploads\/2025\/06\/80a92344-1d73-415e-b9e0-1bc77c1b841a.jpg\" data-width=\"340\" data-height=\"255\" style=\"aspect-ratio: auto 2048 \/ 1536;\" mt-d=\"-1\" ml-d=\"0\"><\/span><\/p>\n<p style=\"text-align: center;\"><strong><strong>&nbsp;<\/strong><\/strong><strong><strong>Meine \u00c4ngste und ihre \u00dcberwindung<\/strong><\/strong><\/p>\n<p>02<span><img decoding=\"async\" alt=\"\" data-id=\"211\" width=\"340\" data-init-width=\"2062\" height=\"211\" data-init-height=\"1278\" title=\"Bildschirmfoto 2025-06-20 um 11.15.44\" loading=\"lazy\" src=\"\/\/private.lust-statt-frust.ch\/wp-content\/uploads\/2025\/06\/Bildschirmfoto-2025-06-20-um-11.15.44.png\" data-width=\"340\" data-height=\"211\" style=\"aspect-ratio: auto 2062 \/ 1278;\"><\/span><\/p>\n<p style=\"text-align: center;\"><strong>&nbsp;<\/strong><strong>Meine eigene Wirklichkeit<\/strong><\/p>\n<p>05<span style=\"\"><img decoding=\"async\" alt=\"\" data-id=\"214\" width=\"388\" data-init-width=\"2434\" height=\"189\" data-init-height=\"1186\" title=\"Bildschirmfoto 2025-06-20 um 11.17.10\" loading=\"lazy\" src=\"\/\/private.lust-statt-frust.ch\/wp-content\/uploads\/2025\/06\/Bildschirmfoto-2025-06-20-um-11.17.10.png\" data-width=\"388\" data-height=\"189\" style=\"aspect-ratio: auto 2434 \/ 1186;\" ml-d=\"-2.03125\" mt-d=\"0\"><\/span><\/p>\n<p style=\"text-align: center;\"><strong><\/strong><strong><strong>Meine mentalen Werkzeuge<\/strong><\/strong><\/p>\n<p>08<span style=\"\"><img decoding=\"async\" alt=\"\" data-id=\"217\" width=\"340\" data-init-width=\"2068\" height=\"224\" data-init-height=\"1364\" title=\"Bildschirmfoto 2025-06-20 um 11.18.44\" loading=\"lazy\" src=\"\/\/private.lust-statt-frust.ch\/wp-content\/uploads\/2025\/06\/Bildschirmfoto-2025-06-20-um-11.18.44.png\" data-width=\"340\" data-height=\"224\" style=\"aspect-ratio: auto 2068 \/ 1364;\" mt-d=\"-1.015625\" ml-d=\"0\"><\/span><\/p>\n<p style=\"text-align: center;\"><strong><strong>&nbsp;<\/strong><\/strong><strong><strong>Zwei Gaben, die mein Leben pr\u00e4gen<\/strong><\/strong><\/p>\n<p>03<span><img decoding=\"async\" alt=\"\" data-id=\"212\" width=\"340\" data-init-width=\"2066\" height=\"210\" data-init-height=\"1274\" title=\"Bildschirmfoto 2025-06-20 um 11.16.10\" loading=\"lazy\" src=\"\/\/private.lust-statt-frust.ch\/wp-content\/uploads\/2025\/06\/Bildschirmfoto-2025-06-20-um-11.16.10.png\" data-width=\"340\" data-height=\"210\" style=\"aspect-ratio: auto 2066 \/ 1274;\"><\/span><\/p>\n<p style=\"text-align: center;\"><strong>&nbsp;<\/strong><strong>Meine bewusste Wahl<\/strong><\/p>\n<p>06<span style=\"\"><img decoding=\"async\" alt=\"\" data-id=\"259\" width=\"340\" data-init-width=\"1290\" height=\"254\" data-init-height=\"963\" title=\"IMG_8276\" loading=\"lazy\" src=\"\/\/private.lust-statt-frust.ch\/wp-content\/uploads\/2025\/06\/IMG_8276.jpeg\" data-width=\"340\" data-height=\"254\" style=\"aspect-ratio: auto 1290 \/ 963;\" mt-d=\"-1\" ml-d=\"0\"><\/span><\/p>\n<p style=\"text-align: center;\"><strong><strong>&nbsp;<\/strong><\/strong><strong><strong>Warum wir damit aufh\u00f6ren sollten<\/strong><\/strong><\/p>\n<p>09<span style=\"\"><img decoding=\"async\" alt=\"\" data-id=\"363\" width=\"334\" data-init-width=\"1300\" height=\"275\" data-init-height=\"1072\" title=\"Bildschirmfoto 2025-07-09 um 10.50.00\" loading=\"lazy\" src=\"\/\/private.lust-statt-frust.ch\/wp-content\/uploads\/2025\/07\/Bildschirmfoto-2025-07-09-um-10.50.00.png\" data-width=\"334\" data-height=\"275\" style=\"aspect-ratio: auto 1300 \/ 1072;\" mt-d=\"-1.015625\" ml-d=\"0\"><\/span><\/p>\n<p style=\"text-align: center;\"><strong><strong>Mein ultimatives Date<\/strong><\/strong><\/p>\n<p style=\"text-align: center;\">\n<p style=\"text-align: center;\">Danke, dass Sie unsere Copyrights beachten<\/p>\n","protected":false},"excerpt":{"rendered":"<p>IDEAL F\u00fcr authentische&nbsp;Pers\u00f6nlichkeits-entwicklung IDEAL F\u00fcr mehr Wohlbefinden&nbsp;und Vitalit\u00e4t IDEAL F\u00fcr mehr innere Freiheit und Unabh\u00e4ngigkeit Die Video-Serie zur Optimierung der pers\u00f6nlichen Lebensgestaltung Die Grundregeln der Lebenskunst sind leicht zu verstehen und umzusetzen Hier eine \u00dcbersicht der Video-Themen, die dazu beitragen, Ihre pers\u00f6nliche Lebensqualit\u00e4t in vielerlei Hinsicht zu verbessern und weiterzuentwickeln Die Video-Themen 01 Die wertvollste [&hellip;]<\/p>\n","protected":false},"author":1,"featured_media":0,"parent":0,"menu_order":0,"comment_status":"closed","ping_status":"closed","template":"","meta":{"footnotes":""},"class_list":["post-204","page","type-page","status-publish","hentry","post-wrapper","thrv_wrapper"],"_links":{"self":[{"href":"https:\/\/private.lust-statt-frust.ch\/index.php?rest_route=\/wp\/v2\/pages\/204","targetHints":{"allow":["GET"]}}],"collection":[{"href":"https:\/\/private.lust-statt-frust.ch\/index.php?rest_route=\/wp\/v2\/pages"}],"about":[{"href":"https:\/\/private.lust-statt-frust.ch\/index.php?rest_route=\/wp\/v2\/types\/page"}],"author":[{"embeddable":true,"href":"https:\/\/private.lust-statt-frust.ch\/index.php?rest_route=\/wp\/v2\/users\/1"}],"replies":[{"embeddable":true,"href":"https:\/\/private.lust-statt-frust.ch\/index.php?rest_route=%2Fwp%2Fv2%2Fcomments&post=204"}],"version-history":[{"count":68,"href":"https:\/\/private.lust-statt-frust.ch\/index.php?rest_route=\/wp\/v2\/pages\/204\/revisions"}],"predecessor-version":[{"id":673,"href":"https:\/\/private.lust-statt-frust.ch\/index.php?rest_route=\/wp\/v2\/pages\/204\/revisions\/673"}],"wp:attachment":[{"href":"https:\/\/private.lust-statt-frust.ch\/index.php?rest_route=%2Fwp%2Fv2%2Fmedia&parent=204"}],"curies":[{"name":"wp","href":"https:\/\/api.w.org\/{rel}","templated":true}]}}